{"id":138,"date":"2024-03-07T09:07:19","date_gmt":"2024-03-07T08:07:19","guid":{"rendered":"https:\/\/anneplanz.de\/wp\/?page_id=138"},"modified":"2025-08-01T17:07:09","modified_gmt":"2025-08-01T15:07:09","slug":"impressum","status":"publish","type":"page","link":"http:\/\/anneplanz.de\/wp\/impressum\/","title":{"rendered":"Impressum"},"content":{"rendered":"\t\t<div data-elementor-type=\"wp-page\" data-elementor-id=\"138\" class=\"elementor elementor-138\" data-elementor-post-type=\"page\">\n\t\t\t\t<div class=\"elementor-element elementor-element-772194f e-con-full e-flex e-con e-parent\" data-id=\"772194f\" data-element_type=\"container\" data-e-type=\"container\">\n\t\t\t\t<div class=\"elementor-element elementor-element-8a2103c elementor-widget elementor-widget-text-editor\" data-id=\"8a2103c\" data-element_type=\"widget\" data-e-type=\"widget\" data-widget_type=\"text-editor.default\">\n\t\t\t\t<div class=\"elementor-widget-container\">\n\t\t\t\t\t\t\t\t\t<h1><em>Impressum<\/em><\/h1><div id=\"primary\" class=\"content-area\"><p>\u00a0<\/p><article id=\"post-107\" class=\"post-107 page type-page status-publish hentry\"><div class=\"entry-content\"><p><em>Anbieter dieser Internetseite ist:<\/em><\/p><p><em>Anne Planz<\/em><br \/><em>PlanZ &#8211; Hilfe &amp; Beratung bei Krisen nach der Geburt<\/em><br \/><em>Busdorfwall 22<\/em><br \/><em>33098 Paderborn<\/em><br \/><em>Deutschland<\/em><\/p><p><em>Tel.: 0151 &#8211; 745 013 12<\/em><br \/><em>E-Mail: kontakt@anneplanz.de<\/em><\/p><p><em>Zust\u00e4ndige Aufsichtsbeh\u00f6rde: Gesundheitsamt Paderborn, Aldegrevestr. 10-14, Paderborn<br \/><\/em><\/p><p><em>Anne Planz f\u00fchrt die Berufsbezeichnung Heilpraktikerin beschr\u00e4nkt auf den Bereich Psychotherapie, die in der Bundesrepublik Deutschland verliehen wurde. <\/em><\/p><p><em>Berufsrechtliche Regeln sind das <span class=\"jnlangue\">Gesetz \u00fcber die berufsm\u00e4\u00dfige Aus\u00fcbung der Heilkunde ohne Bestallung<\/span> <span class=\"jnkurzue\"> (<\/span>Heilpraktikergesetz) und die Erste Durchf\u00fchrungsverordnung zum Heilpraktikergesetz. Diese sind einsehbar unter <a href=\"http:\/\/www.gesetze-im-internet.de\" target=\"_blank\" rel=\"noopener\">www.gesetze-im-internet.de<\/a>.<\/em><\/p><p><em>Inhaltlich verantwortlich gem\u00e4\u00df \u00a7 18 Abs. 2 MStV:\u00a0 Anne Planz<br \/><\/em><\/p><p><em>Busdorffwall 22, 33098 Paderborn<\/em><\/p><p><em>Angaben gem\u00e4\u00df \u00a7\u00a7 5, 6 DDG <\/em><\/p><p><em>Quelle: <a href=\"http:\/\/www.muster-impressum.de\/\" target=\"_blank\" rel=\"noopener\"><em>http:\/\/www.muster-impressum.de<\/em><\/a><\/em><\/p><\/div><\/article><p>\u00a0<\/p><\/div><p><em>Verantwortliche\/r i.S.d. \u00a7 18 Abs. 2 MStV:<\/em><br \/><em>Anne Planz, Busdorfwall 22, 33098 Paderborn<\/em><\/p><p><em>Wir sind zur Teilnahme an einem Streitbeilegungsverfahren vor einer Verbraucherschlichtungsstelle weder verpflichtet noch bereit.<\/em><\/p><p><em>Webdesign: <span style=\"text-decoration: underline;\"><a href=\"https:\/\/www.tomomi-marketing.de\" target=\"_blank\" rel=\"noopener\">TOMOMI Marketing<\/a><\/span><\/em><\/p>\t\t\t\t\t\t\t\t<\/div>\n\t\t\t\t<\/div>\n\t\t\t\t<\/div>\n\t\t\t\t<\/div>\n\t\t","protected":false},"excerpt":{"rendered":"<p>Impressum \u00a0 Anbieter dieser Internetseite ist: Anne PlanzPlanZ &#8211; Hilfe &amp; Beratung bei Krisen nach der GeburtBusdorfwall 2233098 PaderbornDeutschland Tel.: 0151 &#8211; 745 013 12E-Mail: kontakt@anneplanz.de Zust\u00e4ndige Aufsichtsbeh\u00f6rde: Gesundheitsamt Paderborn, Aldegrevestr. 10-14, Paderborn Anne Planz f\u00fchrt die Berufsbezeichnung Heilpraktikerin beschr\u00e4nkt auf den Bereich Psychotherapie, die in der Bundesrepublik Deutschland verliehen wurde. Berufsrechtliche Regeln sind das [&hellip;]<\/p>\n","protected":false},"author":1,"featured_media":0,"parent":0,"menu_order":0,"comment_status":"closed","ping_status":"closed","template":"","meta":{"footnotes":""},"class_list":["post-138","page","type-page","status-publish","hentry"],"yoast_head":"<!-- This site is optimized with the Yoast SEO plugin v27.4 - https:\/\/yoast.com\/product\/yoast-seo-wordpress\/ -->\n<title>Impressum - anneplanz.de<\/title>\n<meta name=\"robots\" content=\"noindex, follow\" \/>\n<meta property=\"og:locale\" content=\"de_DE\" \/>\n<meta property=\"og:type\" content=\"article\" \/>\n<meta property=\"og:title\" content=\"Impressum - anneplanz.de\" \/>\n<meta property=\"og:description\" content=\"Impressum \u00a0 Anbieter dieser Internetseite ist: Anne PlanzPlanZ &#8211; Hilfe &amp; Beratung bei Krisen nach der GeburtBusdorfwall 2233098 PaderbornDeutschland Tel.: 0151 &#8211; 745 013 12E-Mail: kontakt@anneplanz.de Zust\u00e4ndige Aufsichtsbeh\u00f6rde: Gesundheitsamt Paderborn, Aldegrevestr. 10-14, Paderborn Anne Planz f\u00fchrt die Berufsbezeichnung Heilpraktikerin beschr\u00e4nkt auf den Bereich Psychotherapie, die in der Bundesrepublik Deutschland verliehen wurde. Berufsrechtliche Regeln sind das [&hellip;]\" \/>\n<meta property=\"og:url\" content=\"https:\/\/anneplanz.de\/wp\/impressum\/\" \/>\n<meta property=\"og:site_name\" content=\"anneplanz.de\" \/>\n<meta property=\"article:modified_time\" content=\"2025-08-01T15:07:09+00:00\" \/>\n<meta name=\"twitter:card\" content=\"summary_large_image\" \/>\n<meta name=\"twitter:label1\" content=\"Gesch\u00e4tzte Lesezeit\" \/>\n\t<meta name=\"twitter:data1\" content=\"1\u00a0Minute\" \/>\n<script type=\"application\/ld+json\" class=\"yoast-schema-graph\">{\"@context\":\"https:\\\/\\\/schema.org\",\"@graph\":[{\"@type\":\"WebPage\",\"@id\":\"https:\\\/\\\/anneplanz.de\\\/wp\\\/impressum\\\/\",\"url\":\"https:\\\/\\\/anneplanz.de\\\/wp\\\/impressum\\\/\",\"name\":\"Impressum - anneplanz.de\",\"isPartOf\":{\"@id\":\"https:\\\/\\\/anneplanz.de\\\/wp\\\/#website\"},\"datePublished\":\"2024-03-07T08:07:19+00:00\",\"dateModified\":\"2025-08-01T15:07:09+00:00\",\"breadcrumb\":{\"@id\":\"https:\\\/\\\/anneplanz.de\\\/wp\\\/impressum\\\/#breadcrumb\"},\"inLanguage\":\"de\",\"potentialAction\":[{\"@type\":\"ReadAction\",\"target\":[\"https:\\\/\\\/anneplanz.de\\\/wp\\\/impressum\\\/\"]}]},{\"@type\":\"BreadcrumbList\",\"@id\":\"https:\\\/\\\/anneplanz.de\\\/wp\\\/impressum\\\/#breadcrumb\",\"itemListElement\":[{\"@type\":\"ListItem\",\"position\":1,\"name\":\"Startseite\",\"item\":\"https:\\\/\\\/anneplanz.de\\\/wp\\\/\"},{\"@type\":\"ListItem\",\"position\":2,\"name\":\"Impressum\"}]},{\"@type\":\"WebSite\",\"@id\":\"https:\\\/\\\/anneplanz.de\\\/wp\\\/#website\",\"url\":\"https:\\\/\\\/anneplanz.de\\\/wp\\\/\",\"name\":\"anneplanz.de\",\"description\":\"Beratung bei traumatischer Geburt und Krisen\",\"publisher\":{\"@id\":\"https:\\\/\\\/anneplanz.de\\\/wp\\\/#organization\"},\"potentialAction\":[{\"@type\":\"SearchAction\",\"target\":{\"@type\":\"EntryPoint\",\"urlTemplate\":\"https:\\\/\\\/anneplanz.de\\\/wp\\\/?s={search_term_string}\"},\"query-input\":{\"@type\":\"PropertyValueSpecification\",\"valueRequired\":true,\"valueName\":\"search_term_string\"}}],\"inLanguage\":\"de\"},{\"@type\":\"Organization\",\"@id\":\"https:\\\/\\\/anneplanz.de\\\/wp\\\/#organization\",\"name\":\"anneplanz.de\",\"url\":\"https:\\\/\\\/anneplanz.de\\\/wp\\\/\",\"logo\":{\"@type\":\"ImageObject\",\"inLanguage\":\"de\",\"@id\":\"https:\\\/\\\/anneplanz.de\\\/wp\\\/#\\\/schema\\\/logo\\\/image\\\/\",\"url\":\"http:\\\/\\\/anneplanz.de\\\/wp\\\/wp-content\\\/uploads\\\/2024\\\/03\\\/cropped-anne-planz-logo-final.jpg\",\"contentUrl\":\"http:\\\/\\\/anneplanz.de\\\/wp\\\/wp-content\\\/uploads\\\/2024\\\/03\\\/cropped-anne-planz-logo-final.jpg\",\"width\":594,\"height\":336,\"caption\":\"anneplanz.de\"},\"image\":{\"@id\":\"https:\\\/\\\/anneplanz.de\\\/wp\\\/#\\\/schema\\\/logo\\\/image\\\/\"}}]}<\/script>\n<!-- \/ Yoast SEO plugin. -->","yoast_head_json":{"title":"Impressum - anneplanz.de","robots":{"index":"noindex","follow":"follow"},"og_locale":"de_DE","og_type":"article","og_title":"Impressum - anneplanz.de","og_description":"Impressum \u00a0 Anbieter dieser Internetseite ist: Anne PlanzPlanZ &#8211; Hilfe &amp; Beratung bei Krisen nach der GeburtBusdorfwall 2233098 PaderbornDeutschland Tel.: 0151 &#8211; 745 013 12E-Mail: kontakt@anneplanz.de Zust\u00e4ndige Aufsichtsbeh\u00f6rde: Gesundheitsamt Paderborn, Aldegrevestr. 10-14, Paderborn Anne Planz f\u00fchrt die Berufsbezeichnung Heilpraktikerin beschr\u00e4nkt auf den Bereich Psychotherapie, die in der Bundesrepublik Deutschland verliehen wurde. Berufsrechtliche Regeln sind das [&hellip;]","og_url":"https:\/\/anneplanz.de\/wp\/impressum\/","og_site_name":"anneplanz.de","article_modified_time":"2025-08-01T15:07:09+00:00","twitter_card":"summary_large_image","twitter_misc":{"Gesch\u00e4tzte Lesezeit":"1\u00a0Minute"},"schema":{"@context":"https:\/\/schema.org","@graph":[{"@type":"WebPage","@id":"https:\/\/anneplanz.de\/wp\/impressum\/","url":"https:\/\/anneplanz.de\/wp\/impressum\/","name":"Impressum - anneplanz.de","isPartOf":{"@id":"https:\/\/anneplanz.de\/wp\/#website"},"datePublished":"2024-03-07T08:07:19+00:00","dateModified":"2025-08-01T15:07:09+00:00","breadcrumb":{"@id":"https:\/\/anneplanz.de\/wp\/impressum\/#breadcrumb"},"inLanguage":"de","potentialAction":[{"@type":"ReadAction","target":["https:\/\/anneplanz.de\/wp\/impressum\/"]}]},{"@type":"BreadcrumbList","@id":"https:\/\/anneplanz.de\/wp\/impressum\/#breadcrumb","itemListElement":[{"@type":"ListItem","position":1,"name":"Startseite","item":"https:\/\/anneplanz.de\/wp\/"},{"@type":"ListItem","position":2,"name":"Impressum"}]},{"@type":"WebSite","@id":"https:\/\/anneplanz.de\/wp\/#website","url":"https:\/\/anneplanz.de\/wp\/","name":"anneplanz.de","description":"Beratung bei traumatischer Geburt und Krisen","publisher":{"@id":"https:\/\/anneplanz.de\/wp\/#organization"},"potentialAction":[{"@type":"SearchAction","target":{"@type":"EntryPoint","urlTemplate":"https:\/\/anneplanz.de\/wp\/?s={search_term_string}"},"query-input":{"@type":"PropertyValueSpecification","valueRequired":true,"valueName":"search_term_string"}}],"inLanguage":"de"},{"@type":"Organization","@id":"https:\/\/anneplanz.de\/wp\/#organization","name":"anneplanz.de","url":"https:\/\/anneplanz.de\/wp\/","logo":{"@type":"ImageObject","inLanguage":"de","@id":"https:\/\/anneplanz.de\/wp\/#\/schema\/logo\/image\/","url":"http:\/\/anneplanz.de\/wp\/wp-content\/uploads\/2024\/03\/cropped-anne-planz-logo-final.jpg","contentUrl":"http:\/\/anneplanz.de\/wp\/wp-content\/uploads\/2024\/03\/cropped-anne-planz-logo-final.jpg","width":594,"height":336,"caption":"anneplanz.de"},"image":{"@id":"https:\/\/anneplanz.de\/wp\/#\/schema\/logo\/image\/"}}]}},"_links":{"self":[{"href":"http:\/\/anneplanz.de\/wp\/wp-json\/wp\/v2\/pages\/138","targetHints":{"allow":["GET"]}}],"collection":[{"href":"http:\/\/anneplanz.de\/wp\/wp-json\/wp\/v2\/pages"}],"about":[{"href":"http:\/\/anneplanz.de\/wp\/wp-json\/wp\/v2\/types\/page"}],"author":[{"embeddable":true,"href":"http:\/\/anneplanz.de\/wp\/wp-json\/wp\/v2\/users\/1"}],"replies":[{"embeddable":true,"href":"http:\/\/anneplanz.de\/wp\/wp-json\/wp\/v2\/comments?post=138"}],"version-history":[{"count":10,"href":"http:\/\/anneplanz.de\/wp\/wp-json\/wp\/v2\/pages\/138\/revisions"}],"predecessor-version":[{"id":2913,"href":"http:\/\/anneplanz.de\/wp\/wp-json\/wp\/v2\/pages\/138\/revisions\/2913"}],"wp:attachment":[{"href":"http:\/\/anneplanz.de\/wp\/wp-json\/wp\/v2\/media?parent=138"}],"curies":[{"name":"wp","href":"https:\/\/api.w.org\/{rel}","templated":true}]}}